{"id":2800,"date":"2018-02-18T18:15:36","date_gmt":"2018-02-18T18:15:36","guid":{"rendered":"https:\/\/campingmaslina.com\/pocetna\/"},"modified":"2018-03-16T10:17:21","modified_gmt":"2018-03-16T10:17:21","slug":"pocetna","status":"publish","type":"page","link":"https:\/\/campingmaslina.com\/pl\/","title":{"rendered":"Camping Maslina"},"content":{"rendered":"<p>[vc_row][vc_column width=&#8221;1\/2&#8243;][vc_single_image image=&#8221;2535&#8243; img_size=&#8221;full&#8221;][\/vc_column][vc_column width=&#8221;1\/2&#8243;][vc_column_text]<\/p>\n<h3>O nas<\/h3>\n<p>Kemping znajduje si\u0119 w Buliarice (2km od miasta Petrowac) i jestorganizowany na prywatnych krajobrazach, na kt\u00f3rych znajduje si\u0119 wiele gatunk\u00f3w ro\u015blin (oliwka, d\u0105b, jesion, granaty),kt\u00f3re razem zapewniaj\u0105 przyjemn\u0105 atmosfer\u0119 do udanego pobytu.<\/p>\n<p>Maslina Camping jest kemping \u015bredniej wielko\u015bci o powierzchni 100-120 jednostek kempingowych. Zawarto\u015b\u0107 kempingu obejmuje: parking, toalety, prysznice, pr\u0105d, Wi-Fi. Kemping jest dogodnie zlokalizowany w g\u0119stym lesie, w odleg\u0142o\u015bci 200m od morza i 200 metr\u00f3w od g\u0142\u00f3wnej drogi.[\/vc_column_text][vc_btn title=&#8221;CZYTAJ WI\u0118CEJ&#8221; style=&#8221;custom&#8221; custom_background=&#8221;#659a07&#8243; custom_text=&#8221;#ffffff&#8221; shape=&#8221;square&#8221; link=&#8221;url:https%3A%2F%2Fcampingmaslina.com%2Fo-nama%2Fhttps%3A%2F%2Fcampingmaslina.com%2Fo-nas%2F%3Flang%3Dpl|||&#8221;][\/vc_column][\/vc_row][vc_row][vc_column][vc_column_text]<div class=\"divider type_3\"><\/div>[\/vc_column_text][\/vc_column][\/vc_row][vc_row parallax=&#8221;content-moving&#8221; parallax_image=&#8221;2536&#8243; parallax_speed_bg=&#8221;1.7&#8243; css=&#8221;.vc_custom_1519123070976{padding-top: 40px !important;padding-bottom: 50px !important;}&#8221;][vc_column][vc_column_text]<\/p>\n<h2 style=\"text-align: center;\"><span style=\"color: #ffffff;\">CAMPING MASLINA <\/span><\/h2>\n<p style=\"text-align: center;\"><span style=\"color: #ffffff;\"><span style=\"font-size: 19px;\">Maslina (Oliwa) Camping zapewnia przyjemn\u0105 atmosfer\u0119 dla pi\u0119knego kempingu.<\/span><\/span><\/p>\n<p>[\/vc_column_text][vc_btn title=&#8221;CENNIK&#8221; style=&#8221;custom&#8221; custom_background=&#8221;#659a07&#8243; custom_text=&#8221;#ffffff&#8221; shape=&#8221;square&#8221; align=&#8221;center&#8221; link=&#8221;url:https%3A%2F%2Fcampingmaslina.com%2Fcennik%2F%3Flang%3Dpl|||&#8221;][\/vc_column][\/vc_row][vc_row][vc_column][vc_column_text]<div class=\"divider type_3\"><\/div>[\/vc_column_text][\/vc_column][\/vc_row][vc_row][vc_column][vc_column_text]<\/p>\n<h3 style=\"text-align: center;\"><img loading=\"lazy\" class=\"alignnone size-full wp-image-2537 aligncenter\" src=\"https:\/\/campingmaslina.com\/wp-content\/uploads\/2018\/02\/karavan.png\" alt=\"\" width=\"50\" height=\"43\">&nbsp;Galerie<\/h3>\n<p>&nbsp;<br \/>\n<div id=\"jig1\" class=\"justified-image-grid jig-c784ee1b518b05d2976066d896fef712 jig-preset-4\"><div class=\"jig-clearfix\"><\/div><noscript id=\"jig1-html\" class=\"justified-image-grid-html\" data-lazy-src=\"skiplazyload\" data-src=\"skipunveillazyload\"><ul><li><a href=\"https:\/\/campingmaslina.com\/\/wp-content\/gallery\/galerija-pocetna\/galerija_30.jpg\" title=\"galerija_30\"><img src=\"https:\/\/campingmaslina.com\/wp-content\/plugins\/justified-image-grid\/timthumb.php?src=https%3A%2F%2Fcampingmaslina.com%2Fwp-content%2Fgallery%2Fgalerija-pocetna%2Fgalerija_30.jpg&amp;h=335&amp;q=90&amp;f=.jpg\" alt=\"galerija_30\" width=\"495\" height=\"335\" \/><\/a><p class=\"jig-HTMLdescription\">galerija_30<\/p><\/li><li><a href=\"https:\/\/campingmaslina.com\/\/wp-content\/gallery\/galerija-pocetna\/galerija_31.jpg\" title=\"galerija_31\"><img src=\"https:\/\/campingmaslina.com\/wp-content\/plugins\/justified-image-grid\/timthumb.php?src=https%3A%2F%2Fcampingmaslina.com%2Fwp-content%2Fgallery%2Fgalerija-pocetna%2Fgalerija_31.jpg&amp;h=335&amp;q=90&amp;f=.jpg\" alt=\"galerija_31\" width=\"226\" height=\"335\" \/><\/a><p class=\"jig-HTMLdescription\">galerija_31<\/p><\/li><li><a href=\"https:\/\/campingmaslina.com\/\/wp-content\/gallery\/galerija-pocetna\/galerija_33.jpg\" title=\"galerija_33\"><img src=\"https:\/\/campingmaslina.com\/wp-content\/plugins\/justified-image-grid\/timthumb.php?src=https%3A%2F%2Fcampingmaslina.com%2Fwp-content%2Fgallery%2Fgalerija-pocetna%2Fgalerija_33.jpg&amp;h=335&amp;q=90&amp;f=.jpg\" alt=\"galerija_33\" width=\"226\" height=\"335\" \/><\/a><p class=\"jig-HTMLdescription\">galerija_33<\/p><\/li><li><a href=\"https:\/\/campingmaslina.com\/\/wp-content\/gallery\/galerija-pocetna\/galerija_34.jpg\" title=\"galerija_34\"><img src=\"https:\/\/campingmaslina.com\/wp-content\/plugins\/justified-image-grid\/timthumb.php?src=https%3A%2F%2Fcampingmaslina.com%2Fwp-content%2Fgallery%2Fgalerija-pocetna%2Fgalerija_34.jpg&amp;h=335&amp;q=90&amp;f=.jpg\" alt=\"galerija_34\" width=\"226\" height=\"335\" \/><\/a><p class=\"jig-HTMLdescription\">galerija_34<\/p><\/li><li><a href=\"https:\/\/campingmaslina.com\/\/wp-content\/gallery\/galerija-pocetna\/galerija_35.jpg\" title=\"galerija_35\"><img src=\"https:\/\/campingmaslina.com\/wp-content\/plugins\/justified-image-grid\/timthumb.php?src=https%3A%2F%2Fcampingmaslina.com%2Fwp-content%2Fgallery%2Fgalerija-pocetna%2Fgalerija_35.jpg&amp;h=335&amp;q=90&amp;f=.jpg\" alt=\"galerija_35\" width=\"495\" height=\"335\" \/><\/a><p class=\"jig-HTMLdescription\">galerija_35<\/p><\/li><li><a href=\"https:\/\/campingmaslina.com\/\/wp-content\/gallery\/galerija-pocetna\/galerija_36.jpg\" title=\"galerija_36\"><img src=\"https:\/\/campingmaslina.com\/wp-content\/plugins\/justified-image-grid\/timthumb.php?src=https%3A%2F%2Fcampingmaslina.com%2Fwp-content%2Fgallery%2Fgalerija-pocetna%2Fgalerija_36.jpg&amp;h=335&amp;q=90&amp;f=.jpg\" alt=\"galerija_36\" width=\"495\" height=\"335\" \/><\/a><p class=\"jig-HTMLdescription\">galerija_36<\/p><\/li><li><a href=\"https:\/\/campingmaslina.com\/\/wp-content\/gallery\/galerija-pocetna\/galerija_37.jpg\" title=\"galerija_37\"><img src=\"https:\/\/campingmaslina.com\/wp-content\/plugins\/justified-image-grid\/timthumb.php?src=https%3A%2F%2Fcampingmaslina.com%2Fwp-content%2Fgallery%2Fgalerija-pocetna%2Fgalerija_37.jpg&amp;h=335&amp;q=90&amp;f=.jpg\" alt=\"galerija_37\" width=\"495\" height=\"335\" \/><\/a><p class=\"jig-HTMLdescription\">galerija_37<\/p><\/li><li><a href=\"https:\/\/campingmaslina.com\/\/wp-content\/gallery\/galerija-pocetna\/galerija_38.jpg\" title=\"galerija_38\"><img src=\"https:\/\/campingmaslina.com\/wp-content\/plugins\/justified-image-grid\/timthumb.php?src=https%3A%2F%2Fcampingmaslina.com%2Fwp-content%2Fgallery%2Fgalerija-pocetna%2Fgalerija_38.jpg&amp;h=335&amp;q=90&amp;f=.jpg\" alt=\"galerija_38\" width=\"495\" height=\"335\" \/><\/a><p class=\"jig-HTMLdescription\">galerija_38<\/p><\/li><li><a href=\"https:\/\/campingmaslina.com\/\/wp-content\/gallery\/galerija-pocetna\/galerija_39.jpg\" title=\"galerija_39\"><img src=\"https:\/\/campingmaslina.com\/wp-content\/plugins\/justified-image-grid\/timthumb.php?src=https%3A%2F%2Fcampingmaslina.com%2Fwp-content%2Fgallery%2Fgalerija-pocetna%2Fgalerija_39.jpg&amp;h=335&amp;q=90&amp;f=.jpg\" alt=\"galerija_39\" width=\"495\" height=\"335\" \/><\/a><p class=\"jig-HTMLdescription\">galerija_39<\/p><\/li><\/ul><\/noscript><\/div>[\/vc_column_text][\/vc_column][\/vc_row]<\/p>\n","protected":false},"excerpt":{"rendered":"<p>[vc_row][vc_column width=&#8221;1\/2&#8243;][vc_single_image image=&#8221;2535&#8243; img_size=&#8221;full&#8221;][\/vc_column][vc_column width=&#8221;1\/2&#8243;][vc_column_text] O nas Kemping znajduje si\u0119 w Buliarice (2km od miasta Petrowac) i jestorganizowany na prywatnych krajobrazach, na kt\u00f3rych znajduje si\u0119 wiele gatunk\u00f3w ro\u015blin (oliwka, d\u0105b, jesion, granaty),kt\u00f3re razem zapewniaj\u0105 przyjemn\u0105 atmosfer\u0119 do udanego pobytu. &hellip; <\/p>\n<p><a href=\"https:\/\/campingmaslina.com\/pl\/\" class=\"read_more_link\">Read more<\/a><\/p>\n","protected":false},"author":1002,"featured_media":0,"parent":0,"menu_order":0,"comment_status":"open","ping_status":"open","template":"","meta":{"inline_featured_image":false,"ngg_post_thumbnail":0},"aioseo_notices":[],"_links":{"self":[{"href":"https:\/\/campingmaslina.com\/pl\/wp-json\/wp\/v2\/pages\/2800"}],"collection":[{"href":"https:\/\/campingmaslina.com\/pl\/wp-json\/wp\/v2\/pages"}],"about":[{"href":"https:\/\/campingmaslina.com\/pl\/wp-json\/wp\/v2\/types\/page"}],"author":[{"embeddable":true,"href":"https:\/\/campingmaslina.com\/pl\/wp-json\/wp\/v2\/users\/1002"}],"replies":[{"embeddable":true,"href":"https:\/\/campingmaslina.com\/pl\/wp-json\/wp\/v2\/comments?post=2800"}],"version-history":[{"count":2,"href":"https:\/\/campingmaslina.com\/pl\/wp-json\/wp\/v2\/pages\/2800\/revisions"}],"predecessor-version":[{"id":2801,"href":"https:\/\/campingmaslina.com\/pl\/wp-json\/wp\/v2\/pages\/2800\/revisions\/2801"}],"wp:attachment":[{"href":"https:\/\/campingmaslina.com\/pl\/wp-json\/wp\/v2\/media?parent=2800"}],"curies":[{"name":"wp","href":"https:\/\/api.w.org\/{rel}","templated":true}]}}