{"id":2772,"date":"2012-07-31T12:52:29","date_gmt":"2012-07-31T12:52:29","guid":{"rendered":"https:\/\/campingmaslina.com\/o-nama\/"},"modified":"2018-03-16T08:36:20","modified_gmt":"2018-03-16T08:36:20","slug":"o-nas","status":"publish","type":"page","link":"https:\/\/campingmaslina.com\/pl\/o-nas\/","title":{"rendered":"O nas"},"content":{"rendered":"<p>[vc_row el_id=&#8221;campingmaslina&#8221;][vc_column width=&#8221;1\/2&#8243;][vc_single_image image=&#8221;2342&#8243; img_size=&#8221;full&#8221;][\/vc_column][vc_column width=&#8221;1\/2&#8243;][vc_column_text]<\/p>\n<h3>CAMPING MASLINA<\/h3>\n<p>Maslina (Oliwa) Camping zapewnia przyjemn\u0105 atmosfer\u0119 dla pi\u0119knego kempingu.<\/p>\n<p>Kemping znajduje si\u0119 w Buliarice (2km od miasta Petrowac) i jestorganizowany na prywatnych krajobrazach, na kt\u00f3rych znajduje si\u0119 wiele gatunk\u00f3w ro\u015blin (oliwka, d\u0105b, jesion, granaty),kt\u00f3re razem zapewniaj\u0105 przyjemn\u0105 atmosfer\u0119 do udanego pobytu.<\/p>\n<p>Maslina Camping jest kemping \u015bredniej wielko\u015bci o powierzchni 100-120 jednostek kempingowych. Zawarto\u015b\u0107 kempingu obejmuje: parking, toalety, prysznice, pr\u0105d, Wi-Fi. Kemping jest dogodnie zlokalizowany w g\u0119stym lesie, w odleg\u0142o\u015bci 200m od morza i 200 metr\u00f3w od g\u0142\u00f3wnej drogi.<br \/>\n&nbsp;[\/vc_column_text][\/vc_column][\/vc_row][vc_row][vc_column][vc_column_text]<div class=\"divider type_3\"><\/div>[\/vc_column_text][\/vc_column][\/vc_row][vc_row el_id=&#8221;onama&#8221;][vc_column width=&#8221;1\/2&#8243;][vc_column_text]Maslina Camping zosta\u0142 za\u0142o\u017cony w 1969 roku i jest w\u0142asno\u015bci\u0105 rodziny Zaradi\u0107 kt\u00f3ra r\u00f3wnie\u017c nim zarz\u0105dza.W ci\u0105gu lat istnienia, kemping zyska\u0142 presti\u017c i renom\u0119 w wyniku czego sta\u0142 si\u0119 cz\u0142onkiem dw\u00f3ch najwi\u0119kszych organizacji kempingowych ADAC i ACSI Kampeerreizen.<\/p>\n<p>Ca\u0142y czas staramy si\u0119 poprawi\u0107 jako\u015b\u0107 naszych us\u0142ug w oparciu o opinie i sugestie go\u015bci.Maslina Camping jest otwarty przez ca\u0142y rok i zapewnia wygodne i bezpieczne \u015brodowisko dla pa\u0144stwa, pa\u0144stwa rodziny i przyjaci\u00f3\u0142.[\/vc_column_text][vc_row_inner][vc_column_inner width=&#8221;1\/3&#8243;][vc_single_image image=&#8221;2527&#8243; img_size=&#8221;122&#215;137&#8243;][\/vc_column_inner][vc_column_inner width=&#8221;1\/3&#8243;][vc_single_image image=&#8221;2526&#8243; img_size=&#8221;126&#215;140&#8243;][\/vc_column_inner][vc_column_inner width=&#8221;1\/3&#8243;][\/vc_column_inner][\/vc_row_inner][\/vc_column][vc_column width=&#8221;1\/2&#8243;][vc_single_image image=&#8221;2462&#8243; img_size=&#8221;full&#8221;][\/vc_column][\/vc_row]<\/p>\n","protected":false},"excerpt":{"rendered":"<p>[vc_row el_id=&#8221;campingmaslina&#8221;][vc_column width=&#8221;1\/2&#8243;][vc_single_image image=&#8221;2342&#8243; img_size=&#8221;full&#8221;][\/vc_column][vc_column width=&#8221;1\/2&#8243;][vc_column_text] CAMPING MASLINA Maslina (Oliwa) Camping zapewnia przyjemn\u0105 atmosfer\u0119 dla pi\u0119knego kempingu. Kemping znajduje si\u0119 w Buliarice (2km od miasta Petrowac) i jestorganizowany na prywatnych krajobrazach, na kt\u00f3rych znajduje si\u0119 wiele gatunk\u00f3w ro\u015blin (oliwka, &hellip; <\/p>\n<p><a href=\"https:\/\/campingmaslina.com\/pl\/o-nas\/\" class=\"read_more_link\">Read more<\/a><\/p>\n","protected":false},"author":1002,"featured_media":0,"parent":0,"menu_order":0,"comment_status":"open","ping_status":"open","template":"","meta":{"inline_featured_image":false,"ngg_post_thumbnail":0},"aioseo_notices":[],"_links":{"self":[{"href":"https:\/\/campingmaslina.com\/pl\/wp-json\/wp\/v2\/pages\/2772"}],"collection":[{"href":"https:\/\/campingmaslina.com\/pl\/wp-json\/wp\/v2\/pages"}],"about":[{"href":"https:\/\/campingmaslina.com\/pl\/wp-json\/wp\/v2\/types\/page"}],"author":[{"embeddable":true,"href":"https:\/\/campingmaslina.com\/pl\/wp-json\/wp\/v2\/users\/1002"}],"replies":[{"embeddable":true,"href":"https:\/\/campingmaslina.com\/pl\/wp-json\/wp\/v2\/comments?post=2772"}],"version-history":[{"count":1,"href":"https:\/\/campingmaslina.com\/pl\/wp-json\/wp\/v2\/pages\/2772\/revisions"}],"predecessor-version":[{"id":2774,"href":"https:\/\/campingmaslina.com\/pl\/wp-json\/wp\/v2\/pages\/2772\/revisions\/2774"}],"wp:attachment":[{"href":"https:\/\/campingmaslina.com\/pl\/wp-json\/wp\/v2\/media?parent=2772"}],"curies":[{"name":"wp","href":"https:\/\/api.w.org\/{rel}","templated":true}]}}