{"id":2741,"date":"2018-02-17T16:12:22","date_gmt":"2018-02-17T16:12:22","guid":{"rendered":"https:\/\/campingmaslina.com\/testimonials\/"},"modified":"2018-03-16T11:17:27","modified_gmt":"2018-03-16T11:17:27","slug":"testimonianze","status":"publish","type":"page","link":"https:\/\/campingmaslina.com\/it\/testimonianze\/","title":{"rendered":"Testimonianze"},"content":{"rendered":"<p>[vc_row][vc_column][vc_column_text]<div class=\"strong-view strong-view-id-1 default wpmtst-default\" data-count=2><div class=\"strong-content strong-normal columns-1\"><div class=\"wpmtst-testimonial testimonial post-2653\"><div class=\"wpmtst-testimonial-inner testimonial-inner\"><h3 class=\"wpmtst-testimonial-heading testimonial-heading\">Wir Hartmut und Barbara<\/h3><div    class=\"wpmtst-testimonial-content testimonial-content\"><div class=\"wpmtst-testimonial-image testimonial-image\"><img width=\"150\" height=\"150\" src=\"https:\/\/campingmaslina.com\/wp-content\/uploads\/2018\/02\/user-silhouette-2-150x150.png\" class=\"attachment-thumbnail size-thumbnail wp-post-image\" alt=\"\" loading=\"lazy\" srcset=\"https:\/\/campingmaslina.com\/wp-content\/uploads\/2018\/02\/user-silhouette-2-150x150.png 150w, https:\/\/campingmaslina.com\/wp-content\/uploads\/2018\/02\/user-silhouette-2-125x125.png 125w, https:\/\/campingmaslina.com\/wp-content\/uploads\/2018\/02\/user-silhouette-2-70x70.png 70w, https:\/\/campingmaslina.com\/wp-content\/uploads\/2018\/02\/user-silhouette-2.png 256w\" sizes=\"(max-width: 150px) 100vw, 150px\" \/><\/div><div class=\"maybe-clear\"><\/div><p><em>Wer in dieser Zeit noch ein kleines Paradies sucht,sollte nach Buljarica bei Mischo auf seinen famili\u00e4r gef\u00fchrten Campingplatz Maslina kommen. Unter ca. 300 jahrigen Olivenb\u00e4umen findet man die Ruhe und Endspannung. Der Naturbelassene Strand, er ist der einzigste in Montenegro und liegt den hohen Bergen zu fu\u00dfen.<\/em><\/p><p>Wir Hartmut und Barbara finden es hier einfach schmerzlich sch\u00f6n und das schon nach 14 Jahren.<\/p><\/div><div class=\"wpmtst-testimonial-field testimonial-field testimonial-name\">Wir Hartmut und Barbara<\/div><div class=\"clear\"><\/div><\/div><\/div><div class=\"wpmtst-testimonial testimonial post-2661\"><div class=\"wpmtst-testimonial-inner testimonial-inner\"><h3 class=\"wpmtst-testimonial-heading testimonial-heading\">PIER SELLES<\/h3><div    class=\"wpmtst-testimonial-content testimonial-content\"><div class=\"wpmtst-testimonial-image testimonial-image\"><img width=\"150\" height=\"150\" src=\"https:\/\/campingmaslina.com\/wp-content\/uploads\/2018\/02\/user-silhouette-2-150x150.png\" class=\"attachment-thumbnail size-thumbnail wp-post-image\" alt=\"\" loading=\"lazy\" srcset=\"https:\/\/campingmaslina.com\/wp-content\/uploads\/2018\/02\/user-silhouette-2-150x150.png 150w, https:\/\/campingmaslina.com\/wp-content\/uploads\/2018\/02\/user-silhouette-2-125x125.png 125w, https:\/\/campingmaslina.com\/wp-content\/uploads\/2018\/02\/user-silhouette-2-70x70.png 70w, https:\/\/campingmaslina.com\/wp-content\/uploads\/2018\/02\/user-silhouette-2.png 256w\" sizes=\"(max-width: 150px) 100vw, 150px\" \/><\/div><div class=\"maybe-clear\"><\/div><p>Acsi is using this camping already for many years. Each year the facilities are better. Petrovac can be reached in half an hour of walking and the sea is at 200m. We can recommand this camping.<\/p><\/div><div class=\"wpmtst-testimonial-field testimonial-field testimonial-name\">PIER SELLES - ACSI tour leader<\/div><div class=\"clear\"><\/div><\/div><\/div><\/div><\/div>\n<p>&nbsp;[\/vc_column_text][vc_column_text]&nbsp;<\/p>\n<h3>INVIA IL TUO TESTIMONIAL<\/h3>\n<div class=\"strong-view strong-form strong-view-id-2 default-form wpmtst-default-form\" data-state=idle><div class=\"strong-form-wait\" data-formid=\"1\"><div class=\"message\"><img src=\"https:\/\/campingmaslina.com\/wp-content\/plugins\/strong-testimonials\/public\/svg\/spinner-solid.svg\" alt=\"Strong Testimonials form submission spinner.\"><\/div><\/div><div class=\"wpmtst-form wpmtst-form-id-1\"><div class=\"strong-form-inner\"><p class=\"required-notice\"><span class=\"required symbol\"><\/span>Required field        <\/p><form class=\"wpmtst-submission-form\" method=\"post\" enctype=\"multipart\/form-data\" autocomplete=\"off\" data-config=\"{&quot;scroll&quot;:{&quot;onError&quot;:true,&quot;onErrorOffset&quot;:80,&quot;onSuccess&quot;:true,&quot;onSuccessOffset&quot;:80},&quot;fields&quot;:[{&quot;name&quot;:&quot;client_name&quot;,&quot;type&quot;:&quot;text&quot;,&quot;required&quot;:1},{&quot;name&quot;:&quot;post_content&quot;,&quot;type&quot;:&quot;textarea&quot;,&quot;required&quot;:1},{&quot;name&quot;:&quot;featured_image&quot;,&quot;type&quot;:&quot;file&quot;,&quot;required&quot;:0}]}\" data-formid = \"1\"><div style=\"display: none;\"><input type=\"hidden\" id=\"wpmtst_form_nonce\" name=\"wpmtst_form_nonce\" value=\"220953fc25\" \/><input type=\"hidden\" name=\"_wp_http_referer\" value=\"\/it\/wp-json\/wp\/v2\/pages\/2741\" \/><input type=\"hidden\" name=\"action\" value=\"wpmtst_form\"><input type=\"hidden\" name=\"form_id\" value=\"1\"><input type=\"hidden\" name=\"default_category\" value=\"\"><input type=\"hidden\" name=\"category\" value=\"\"><\/div><div class=\"form-field field-client_name\"><label for=\"wpmtst_client_name\" class=\"field-client_name\">Nome e cognome<\/label><span class=\"required symbol\"><\/span><input id=\"wpmtst_client_name\" type=\"text\" class=\"text\" name=\"client_name\"  value=\"\" placeholder=\"\"   required tabindex=\"0\"><span class=\"after\">What is your full name?<\/span><\/div><div class=\"form-field field-post_content\"><label for=\"wpmtst_post_content\" class=\"field-post_content\">Testimonial<\/label><span class=\"required symbol\"><\/span><textarea id=\"wpmtst_post_content\" name=\"post_content\" class=\"textarea\"  required placeholder=\"\"  tabindex=\"0\"><\/textarea><span class=\"after\">What do you think about us?<\/span><\/div><div class=\"form-field field-featured_image\"><label for=\"wpmtst_featured_image\" class=\"field-featured_image\">Foto<\/label><div class=\"field-wrap\"><input id=\"wpmtst_featured_image\" type=\"file\" name=\"featured_image\" tabindex=\"0\"><\/div><span class=\"after\">Would you like to include a photo?<\/span><\/div><div class=\"form-field wpmtst-submit\"><label><input type=\"submit\" class=\"wpmtst_submit_testimonial\" name=\"wpmtst_submit_testimonial\" value=\"Add Testimonial\" class=\"button\" tabindex=\"0\"><\/label><\/div><\/form><\/div><\/div><\/div>[\/vc_column_text][\/vc_column][\/vc_row]<\/p>\n","protected":false},"excerpt":{"rendered":"<p>[vc_row][vc_column][vc_column_text] &nbsp;[\/vc_column_text][vc_column_text]&nbsp; INVIA IL TUO TESTIMONIAL [\/vc_column_text][\/vc_column][\/vc_row]<\/p>\n","protected":false},"author":1002,"featured_media":0,"parent":0,"menu_order":0,"comment_status":"open","ping_status":"open","template":"","meta":{"inline_featured_image":false,"ngg_post_thumbnail":0},"aioseo_notices":[],"_links":{"self":[{"href":"https:\/\/campingmaslina.com\/it\/wp-json\/wp\/v2\/pages\/2741"}],"collection":[{"href":"https:\/\/campingmaslina.com\/it\/wp-json\/wp\/v2\/pages"}],"about":[{"href":"https:\/\/campingmaslina.com\/it\/wp-json\/wp\/v2\/types\/page"}],"author":[{"embeddable":true,"href":"https:\/\/campingmaslina.com\/it\/wp-json\/wp\/v2\/users\/1002"}],"replies":[{"embeddable":true,"href":"https:\/\/campingmaslina.com\/it\/wp-json\/wp\/v2\/comments?post=2741"}],"version-history":[{"count":3,"href":"https:\/\/campingmaslina.com\/it\/wp-json\/wp\/v2\/pages\/2741\/revisions"}],"predecessor-version":[{"id":2865,"href":"https:\/\/campingmaslina.com\/it\/wp-json\/wp\/v2\/pages\/2741\/revisions\/2865"}],"wp:attachment":[{"href":"https:\/\/campingmaslina.com\/it\/wp-json\/wp\/v2\/media?parent=2741"}],"curies":[{"name":"wp","href":"https:\/\/api.w.org\/{rel}","templated":true}]}}