{"id":2832,"date":"2018-02-18T18:15:36","date_gmt":"2018-02-18T18:15:36","guid":{"rendered":"https:\/\/campingmaslina.com\/pocetna\/"},"modified":"2018-03-16T11:04:01","modified_gmt":"2018-03-16T11:04:01","slug":"pocetna","status":"publish","type":"page","link":"https:\/\/campingmaslina.com\/fr\/","title":{"rendered":"Camping Maslina"},"content":{"rendered":"<p>[vc_row][vc_column width=\u00a0\u00bb1\/2&Prime;][vc_single_image image=\u00a0\u00bb2535&Prime; img_size=\u00a0\u00bbfull\u00a0\u00bb][\/vc_column][vc_column width=\u00a0\u00bb1\/2&Prime;][vc_column_text]<\/p>\n<h3>De nous<\/h3>\n<p>Le camp se trouve \u00e0 Buljarica, \u00e0 2 km de Petrovac, et il est organis\u00e9 sur un terrain priv\u00e9 amenag\u00e9 sur lequel se trouvent diverses plantes v\u00e9g\u00e9tales (oliviers, ch\u00eanes, fr\u00eanes,grenadiers) qui permettent d\u2019y s\u00e9journer fort agr\u00e9ablement.<\/p>\n<p>Maslina Camping est d\u2019une envergure moyenne comprenant un espace de 100 \u00e0 120 unit\u00e9s. Son emplacement est id\u00e9al, log\u00e9 dans une for\u00eat dense, se trouvant \u00e0 200 m\u00e8tres de la mer et 200 m\u00e8tres de la route principale.[\/vc_column_text][vc_btn title=\u00a0\u00bbLIRE PLUS\u00a0\u00bb style=\u00a0\u00bbcustom\u00a0\u00bb custom_background=\u00a0\u00bb#659a07&Prime; custom_text=\u00a0\u00bb#ffffff\u00a0\u00bb shape=\u00a0\u00bbsquare\u00a0\u00bb link=\u00a0\u00bburl:https%3A%2F%2Fcampingmaslina.com%2Fde-nous%2F%3Flang%3Dfr|||\u00a0\u00bb][\/vc_column][\/vc_row][vc_row][vc_column][vc_column_text]<div class=\"divider type_3\"><\/div>[\/vc_column_text][\/vc_column][\/vc_row][vc_row parallax=\u00a0\u00bbcontent-moving\u00a0\u00bb parallax_image=\u00a0\u00bb2536&Prime; parallax_speed_bg=\u00a0\u00bb1.7&Prime; css=\u00a0\u00bb.vc_custom_1519123070976{padding-top: 40px !important;padding-bottom: 50px !important;}\u00a0\u00bb][vc_column][vc_column_text]<\/p>\n<h2 style=\"text-align: center;\"><span style=\"color: #ffffff;\">CAMPING MASLINA <\/span><\/h2>\n<p style=\"text-align: center;\"><span style=\"color: #ffffff;\"><span style=\"font-size: 19px;\">Maslina Camping Vous assure une atmosph\u00e8re plaisante pour un camping de bonne qualit\u00e9. <\/span><\/span><\/p>\n<p>[\/vc_column_text][vc_btn title=\u00a0\u00bbLISTE DES PRIX\u00a0\u00bb style=\u00a0\u00bbcustom\u00a0\u00bb custom_background=\u00a0\u00bb#659a07&Prime; custom_text=\u00a0\u00bb#ffffff\u00a0\u00bb shape=\u00a0\u00bbsquare\u00a0\u00bb align=\u00a0\u00bbcenter\u00a0\u00bb link=\u00a0\u00bburl:https%3A%2F%2Fcampingmaslina.com%2Fliste-des-prix%2F%3Flang%3Dfr|||\u00a0\u00bb][\/vc_column][\/vc_row][vc_row][vc_column][vc_column_text]<div class=\"divider type_3\"><\/div>[\/vc_column_text][\/vc_column][\/vc_row][vc_row][vc_column][vc_column_text]<\/p>\n<h3 style=\"text-align: center;\"><img loading=\"lazy\" class=\"alignnone size-full wp-image-2537 aligncenter\" src=\"https:\/\/campingmaslina.com\/wp-content\/uploads\/2018\/02\/karavan.png\" alt=\"\" width=\"50\" height=\"43\">&nbsp;Galerie<\/h3>\n<p>&nbsp;<br \/>\n<div id=\"jig1\" class=\"justified-image-grid jig-c784ee1b518b05d2976066d896fef712 jig-preset-4\"><div class=\"jig-clearfix\"><\/div><noscript id=\"jig1-html\" class=\"justified-image-grid-html\" data-lazy-src=\"skiplazyload\" data-src=\"skipunveillazyload\"><ul><li><a href=\"https:\/\/campingmaslina.com\/\/wp-content\/gallery\/galerija-pocetna\/galerija_30.jpg\" title=\"galerija_30\"><img src=\"https:\/\/campingmaslina.com\/wp-content\/plugins\/justified-image-grid\/timthumb.php?src=https%3A%2F%2Fcampingmaslina.com%2Fwp-content%2Fgallery%2Fgalerija-pocetna%2Fgalerija_30.jpg&amp;h=335&amp;q=90&amp;f=.jpg\" alt=\"galerija_30\" width=\"495\" height=\"335\" \/><\/a><p class=\"jig-HTMLdescription\">galerija_30<\/p><\/li><li><a href=\"https:\/\/campingmaslina.com\/\/wp-content\/gallery\/galerija-pocetna\/galerija_31.jpg\" title=\"galerija_31\"><img src=\"https:\/\/campingmaslina.com\/wp-content\/plugins\/justified-image-grid\/timthumb.php?src=https%3A%2F%2Fcampingmaslina.com%2Fwp-content%2Fgallery%2Fgalerija-pocetna%2Fgalerija_31.jpg&amp;h=335&amp;q=90&amp;f=.jpg\" alt=\"galerija_31\" width=\"226\" height=\"335\" \/><\/a><p class=\"jig-HTMLdescription\">galerija_31<\/p><\/li><li><a href=\"https:\/\/campingmaslina.com\/\/wp-content\/gallery\/galerija-pocetna\/galerija_33.jpg\" title=\"galerija_33\"><img src=\"https:\/\/campingmaslina.com\/wp-content\/plugins\/justified-image-grid\/timthumb.php?src=https%3A%2F%2Fcampingmaslina.com%2Fwp-content%2Fgallery%2Fgalerija-pocetna%2Fgalerija_33.jpg&amp;h=335&amp;q=90&amp;f=.jpg\" alt=\"galerija_33\" width=\"226\" height=\"335\" \/><\/a><p class=\"jig-HTMLdescription\">galerija_33<\/p><\/li><li><a href=\"https:\/\/campingmaslina.com\/\/wp-content\/gallery\/galerija-pocetna\/galerija_34.jpg\" title=\"galerija_34\"><img src=\"https:\/\/campingmaslina.com\/wp-content\/plugins\/justified-image-grid\/timthumb.php?src=https%3A%2F%2Fcampingmaslina.com%2Fwp-content%2Fgallery%2Fgalerija-pocetna%2Fgalerija_34.jpg&amp;h=335&amp;q=90&amp;f=.jpg\" alt=\"galerija_34\" width=\"226\" height=\"335\" \/><\/a><p class=\"jig-HTMLdescription\">galerija_34<\/p><\/li><li><a href=\"https:\/\/campingmaslina.com\/\/wp-content\/gallery\/galerija-pocetna\/galerija_35.jpg\" title=\"galerija_35\"><img src=\"https:\/\/campingmaslina.com\/wp-content\/plugins\/justified-image-grid\/timthumb.php?src=https%3A%2F%2Fcampingmaslina.com%2Fwp-content%2Fgallery%2Fgalerija-pocetna%2Fgalerija_35.jpg&amp;h=335&amp;q=90&amp;f=.jpg\" alt=\"galerija_35\" width=\"495\" height=\"335\" \/><\/a><p class=\"jig-HTMLdescription\">galerija_35<\/p><\/li><li><a href=\"https:\/\/campingmaslina.com\/\/wp-content\/gallery\/galerija-pocetna\/galerija_36.jpg\" title=\"galerija_36\"><img src=\"https:\/\/campingmaslina.com\/wp-content\/plugins\/justified-image-grid\/timthumb.php?src=https%3A%2F%2Fcampingmaslina.com%2Fwp-content%2Fgallery%2Fgalerija-pocetna%2Fgalerija_36.jpg&amp;h=335&amp;q=90&amp;f=.jpg\" alt=\"galerija_36\" width=\"495\" height=\"335\" \/><\/a><p class=\"jig-HTMLdescription\">galerija_36<\/p><\/li><li><a href=\"https:\/\/campingmaslina.com\/\/wp-content\/gallery\/galerija-pocetna\/galerija_37.jpg\" title=\"galerija_37\"><img src=\"https:\/\/campingmaslina.com\/wp-content\/plugins\/justified-image-grid\/timthumb.php?src=https%3A%2F%2Fcampingmaslina.com%2Fwp-content%2Fgallery%2Fgalerija-pocetna%2Fgalerija_37.jpg&amp;h=335&amp;q=90&amp;f=.jpg\" alt=\"galerija_37\" width=\"495\" height=\"335\" \/><\/a><p class=\"jig-HTMLdescription\">galerija_37<\/p><\/li><li><a href=\"https:\/\/campingmaslina.com\/\/wp-content\/gallery\/galerija-pocetna\/galerija_38.jpg\" title=\"galerija_38\"><img src=\"https:\/\/campingmaslina.com\/wp-content\/plugins\/justified-image-grid\/timthumb.php?src=https%3A%2F%2Fcampingmaslina.com%2Fwp-content%2Fgallery%2Fgalerija-pocetna%2Fgalerija_38.jpg&amp;h=335&amp;q=90&amp;f=.jpg\" alt=\"galerija_38\" width=\"495\" height=\"335\" \/><\/a><p class=\"jig-HTMLdescription\">galerija_38<\/p><\/li><li><a href=\"https:\/\/campingmaslina.com\/\/wp-content\/gallery\/galerija-pocetna\/galerija_39.jpg\" title=\"galerija_39\"><img src=\"https:\/\/campingmaslina.com\/wp-content\/plugins\/justified-image-grid\/timthumb.php?src=https%3A%2F%2Fcampingmaslina.com%2Fwp-content%2Fgallery%2Fgalerija-pocetna%2Fgalerija_39.jpg&amp;h=335&amp;q=90&amp;f=.jpg\" alt=\"galerija_39\" width=\"495\" height=\"335\" \/><\/a><p class=\"jig-HTMLdescription\">galerija_39<\/p><\/li><\/ul><\/noscript><\/div>[\/vc_column_text][\/vc_column][\/vc_row]<\/p>\n","protected":false},"excerpt":{"rendered":"<p>[vc_row][vc_column width=\u00a0\u00bb1\/2&Prime;][vc_single_image image=\u00a0\u00bb2535&Prime; img_size=\u00a0\u00bbfull\u00a0\u00bb][\/vc_column][vc_column width=\u00a0\u00bb1\/2&Prime;][vc_column_text] De nous Le camp se trouve \u00e0 Buljarica, \u00e0 2 km de Petrovac, et il est organis\u00e9 sur un terrain priv\u00e9 amenag\u00e9 sur lequel se trouvent diverses plantes v\u00e9g\u00e9tales (oliviers, ch\u00eanes, fr\u00eanes,grenadiers) qui permettent &hellip; <\/p>\n<p><a href=\"https:\/\/campingmaslina.com\/fr\/\" class=\"read_more_link\">Read more<\/a><\/p>\n","protected":false},"author":1002,"featured_media":0,"parent":0,"menu_order":0,"comment_status":"open","ping_status":"open","template":"","meta":{"inline_featured_image":false,"ngg_post_thumbnail":0},"aioseo_notices":[],"_links":{"self":[{"href":"https:\/\/campingmaslina.com\/fr\/wp-json\/wp\/v2\/pages\/2832"}],"collection":[{"href":"https:\/\/campingmaslina.com\/fr\/wp-json\/wp\/v2\/pages"}],"about":[{"href":"https:\/\/campingmaslina.com\/fr\/wp-json\/wp\/v2\/types\/page"}],"author":[{"embeddable":true,"href":"https:\/\/campingmaslina.com\/fr\/wp-json\/wp\/v2\/users\/1002"}],"replies":[{"embeddable":true,"href":"https:\/\/campingmaslina.com\/fr\/wp-json\/wp\/v2\/comments?post=2832"}],"version-history":[{"count":2,"href":"https:\/\/campingmaslina.com\/fr\/wp-json\/wp\/v2\/pages\/2832\/revisions"}],"predecessor-version":[{"id":2834,"href":"https:\/\/campingmaslina.com\/fr\/wp-json\/wp\/v2\/pages\/2832\/revisions\/2834"}],"wp:attachment":[{"href":"https:\/\/campingmaslina.com\/fr\/wp-json\/wp\/v2\/media?parent=2832"}],"curies":[{"name":"wp","href":"https:\/\/api.w.org\/{rel}","templated":true}]}}