{"id":2805,"date":"2012-07-31T12:52:29","date_gmt":"2012-07-31T12:52:29","guid":{"rendered":"https:\/\/campingmaslina.com\/o-nama\/"},"modified":"2018-03-16T10:27:47","modified_gmt":"2018-03-16T10:27:47","slug":"de-nous","status":"publish","type":"page","link":"https:\/\/campingmaslina.com\/fr\/de-nous\/","title":{"rendered":"De nous"},"content":{"rendered":"<p>[vc_row el_id=\u00a0\u00bbcampingmaslina\u00a0\u00bb][vc_column width=\u00a0\u00bb1\/2&Prime;][vc_single_image image=\u00a0\u00bb2342&Prime; img_size=\u00a0\u00bbfull\u00a0\u00bb][\/vc_column][vc_column width=\u00a0\u00bb1\/2&Prime;][vc_column_text]<\/p>\n<h3>CAMPING MASLINA<\/h3>\n<p>Maslina Camping Vous assure une atmosph\u00e8re plaisante pour un camping de bonne qualit\u00e9. Le camp se trouve \u00e0 Buljarica, \u00e0 2 km de Petrovac, et il est organis\u00e9 sur un terrain priv\u00e9 amenag\u00e9 sur lequel se trouvent diverses plantes v\u00e9g\u00e9tales (oliviers, ch\u00eanes, fr\u00eanes,grenadiers) qui permettent d&rsquo;y s\u00e9journer fort agr\u00e9ablement.<\/p>\n<p>Maslina Camping est d\u2019une envergure moyenne comprenant un espace de 100 \u00e0 120 unit\u00e9s. Son emplacement est id\u00e9al, log\u00e9 dans une for\u00eat dense, se trouvant \u00e0 200 m\u00e8tres de la mer et 200 m\u00e8tres de la route principale.<\/p>\n<p>&nbsp;[\/vc_column_text][\/vc_column][\/vc_row][vc_row][vc_column][vc_column_text]<div class=\"divider type_3\"><\/div>[\/vc_column_text][\/vc_column][\/vc_row][vc_row el_id=\u00a0\u00bbonama\u00a0\u00bb][vc_column width=\u00a0\u00bb1\/2&Prime;][vc_column_text]Maslina Camping a \u00e9t\u00e9 cr\u00e9\u00e9 en 1969 et fait partie de la propri\u00e9t\u00e9 de la famille Zaradi\u0107, qui en m\u00eame temps se charge de sa gestion. Au cours de ses ann\u00e9es d\u2019existence, le camp a acquis une bonne r\u00e9putation, ce qui lui a permis de devenir membre des deux plus importantes organisations de camping : ADAC et ACSI Kampeerrezen.<\/p>\n<p>Nous nous effor\u00e7ons constamment d\u2019am\u00e9liorer nos services qui sont bas\u00e9es sur le feedback et les suggestions des clients. Maslina Camping est ouvert tout au long de l\u2019ann\u00e9e et assure un bon environnement s\u00e9curitaire pour vous, votre [\/vc_column_text][vc_row_inner][vc_column_inner width=\u00a0\u00bb1\/3&Prime;][vc_single_image image=\u00a0\u00bb2527&Prime; img_size=\u00a0\u00bb122&#215;137&Prime;][\/vc_column_inner][vc_column_inner width=\u00a0\u00bb1\/3&Prime;][vc_single_image image=\u00a0\u00bb2526&Prime; img_size=\u00a0\u00bb126&#215;140&Prime;][\/vc_column_inner][vc_column_inner width=\u00a0\u00bb1\/3&Prime;][\/vc_column_inner][\/vc_row_inner][\/vc_column][vc_column width=\u00a0\u00bb1\/2&Prime;][vc_single_image image=\u00a0\u00bb2462&Prime; img_size=\u00a0\u00bbfull\u00a0\u00bb][\/vc_column][\/vc_row]<\/p>\n","protected":false},"excerpt":{"rendered":"<p>[vc_row el_id=\u00a0\u00bbcampingmaslina\u00a0\u00bb][vc_column width=\u00a0\u00bb1\/2&Prime;][vc_single_image image=\u00a0\u00bb2342&Prime; img_size=\u00a0\u00bbfull\u00a0\u00bb][\/vc_column][vc_column width=\u00a0\u00bb1\/2&Prime;][vc_column_text] CAMPING MASLINA Maslina Camping Vous assure une atmosph\u00e8re plaisante pour un camping de bonne qualit\u00e9. Le camp se trouve \u00e0 Buljarica, \u00e0 2 km de Petrovac, et il est organis\u00e9 sur un terrain &hellip; <\/p>\n<p><a href=\"https:\/\/campingmaslina.com\/fr\/de-nous\/\" class=\"read_more_link\">Read more<\/a><\/p>\n","protected":false},"author":1002,"featured_media":0,"parent":0,"menu_order":0,"comment_status":"open","ping_status":"open","template":"","meta":{"inline_featured_image":false,"ngg_post_thumbnail":0},"aioseo_notices":[],"_links":{"self":[{"href":"https:\/\/campingmaslina.com\/fr\/wp-json\/wp\/v2\/pages\/2805"}],"collection":[{"href":"https:\/\/campingmaslina.com\/fr\/wp-json\/wp\/v2\/pages"}],"about":[{"href":"https:\/\/campingmaslina.com\/fr\/wp-json\/wp\/v2\/types\/page"}],"author":[{"embeddable":true,"href":"https:\/\/campingmaslina.com\/fr\/wp-json\/wp\/v2\/users\/1002"}],"replies":[{"embeddable":true,"href":"https:\/\/campingmaslina.com\/fr\/wp-json\/wp\/v2\/comments?post=2805"}],"version-history":[{"count":2,"href":"https:\/\/campingmaslina.com\/fr\/wp-json\/wp\/v2\/pages\/2805\/revisions"}],"predecessor-version":[{"id":2807,"href":"https:\/\/campingmaslina.com\/fr\/wp-json\/wp\/v2\/pages\/2805\/revisions\/2807"}],"wp:attachment":[{"href":"https:\/\/campingmaslina.com\/fr\/wp-json\/wp\/v2\/media?parent=2805"}],"curies":[{"name":"wp","href":"https:\/\/api.w.org\/{rel}","templated":true}]}}