{"id":2736,"date":"2018-02-18T18:15:36","date_gmt":"2018-02-18T18:15:36","guid":{"rendered":"https:\/\/campingmaslina.com\/pocetna\/"},"modified":"2018-03-14T15:13:01","modified_gmt":"2018-03-14T15:13:01","slug":"pocetna","status":"publish","type":"page","link":"https:\/\/campingmaslina.com\/de\/","title":{"rendered":"Camping Maslina"},"content":{"rendered":"<p>[vc_row][vc_column width=&#8220;1\/2&#8243;][vc_single_image image=&#8220;2535&#8243; img_size=&#8220;full&#8220;][\/vc_column][vc_column width=&#8220;1\/2&#8243;][vc_column_text]<\/p>\n<h3>\u00dcber uns<\/h3>\n<p>Der Campingplatz befindet sich in Buljarica (2 km von Petrovac) und ist auf einem Privatgrundst\u00fcck, auf dem verschiedene Pflanzenarten wie Olivien-, Eschen-, Granatapfelb\u00e4me wachsen,organisiert, die Ihnen einen angenehmen Aufenhalt siechern.<\/p>\n<p>Der Campingplatz \u201dMASLINA\u201d hat mittlere Gr\u00f6sse und bietet insgesamt 100-120 Stellpl\u00e4tze. Auch gibt es Parkpl\u00e4tze, Toilette, Dusche, WiFi, Elektrik.<br \/>\nDer Campingplatz beindet sich in einem dichtem Wald, die nur 200 m vom Meer, und 20m von der Hauptsrasse entfernt ist.[\/vc_column_text][vc_btn title=&#8220;LESEN SIE MEHR&#8220; style=&#8220;custom&#8220; custom_background=&#8220;#659a07&#8243; custom_text=&#8220;#ffffff&#8220; shape=&#8220;square&#8220; link=&#8220;url:https%3A%2F%2Fcampingmaslina.com%2Fueber-uns%2F%3Flang%3Dde|||&#8220;][\/vc_column][\/vc_row][vc_row][vc_column][vc_column_text]<div class=\"divider type_3\"><\/div>[\/vc_column_text][\/vc_column][\/vc_row][vc_row parallax=&#8220;content-moving&#8220; parallax_image=&#8220;2536&#8243; parallax_speed_bg=&#8220;1.7&#8243; css=&#8220;.vc_custom_1519123070976{padding-top: 40px !important;padding-bottom: 50px !important;}&#8220;][vc_column][vc_column_text]<\/p>\n<h2 style=\"text-align: center;\"><span style=\"color: #ffffff;\">CAMPING MASLINA <\/span><\/h2>\n<p style=\"text-align: center;\"><span style=\"color: #ffffff;\"><span style=\"font-size: 19px;\">Der Campingplatz \u201cMASLINA\u201d (Olivien) bietet Ihnen eine gem\u00fctliche Atmosph\u00e4re, die ideal f\u00fcr Camping ist.<\/span><\/span><\/p>\n<p>[\/vc_column_text][vc_btn title=&#8220;PREISLISTE&#8220; style=&#8220;custom&#8220; custom_background=&#8220;#659a07&#8243; custom_text=&#8220;#ffffff&#8220; shape=&#8220;square&#8220; align=&#8220;center&#8220; link=&#8220;url:https%3A%2F%2Fcampingmaslina.com%2Fpreisliste%2F%3Flang%3Dde|||&#8220;][\/vc_column][\/vc_row][vc_row][vc_column][vc_column_text]<div class=\"divider type_3\"><\/div>[\/vc_column_text][\/vc_column][\/vc_row][vc_row][vc_column][vc_column_text]<\/p>\n<h3 style=\"text-align: center;\"><img loading=\"lazy\" class=\"alignnone size-full wp-image-2537 aligncenter\" src=\"https:\/\/campingmaslina.com\/wp-content\/uploads\/2018\/02\/karavan.png\" alt=\"\" width=\"50\" height=\"43\">&nbsp;Galerie<\/h3>\n<p>&nbsp;<br \/>\n<div id=\"jig1\" class=\"justified-image-grid jig-c784ee1b518b05d2976066d896fef712 jig-preset-4\"><div class=\"jig-clearfix\"><\/div><noscript id=\"jig1-html\" class=\"justified-image-grid-html\" data-lazy-src=\"skiplazyload\" data-src=\"skipunveillazyload\"><ul><li><a href=\"https:\/\/campingmaslina.com\/\/wp-content\/gallery\/galerija-pocetna\/galerija_30.jpg\" title=\"galerija_30\"><img src=\"https:\/\/campingmaslina.com\/wp-content\/plugins\/justified-image-grid\/timthumb.php?src=https%3A%2F%2Fcampingmaslina.com%2Fwp-content%2Fgallery%2Fgalerija-pocetna%2Fgalerija_30.jpg&amp;h=335&amp;q=90&amp;f=.jpg\" alt=\"galerija_30\" width=\"495\" height=\"335\" \/><\/a><p class=\"jig-HTMLdescription\">galerija_30<\/p><\/li><li><a href=\"https:\/\/campingmaslina.com\/\/wp-content\/gallery\/galerija-pocetna\/galerija_31.jpg\" title=\"galerija_31\"><img src=\"https:\/\/campingmaslina.com\/wp-content\/plugins\/justified-image-grid\/timthumb.php?src=https%3A%2F%2Fcampingmaslina.com%2Fwp-content%2Fgallery%2Fgalerija-pocetna%2Fgalerija_31.jpg&amp;h=335&amp;q=90&amp;f=.jpg\" alt=\"galerija_31\" width=\"226\" height=\"335\" \/><\/a><p class=\"jig-HTMLdescription\">galerija_31<\/p><\/li><li><a href=\"https:\/\/campingmaslina.com\/\/wp-content\/gallery\/galerija-pocetna\/galerija_33.jpg\" title=\"galerija_33\"><img src=\"https:\/\/campingmaslina.com\/wp-content\/plugins\/justified-image-grid\/timthumb.php?src=https%3A%2F%2Fcampingmaslina.com%2Fwp-content%2Fgallery%2Fgalerija-pocetna%2Fgalerija_33.jpg&amp;h=335&amp;q=90&amp;f=.jpg\" alt=\"galerija_33\" width=\"226\" height=\"335\" \/><\/a><p class=\"jig-HTMLdescription\">galerija_33<\/p><\/li><li><a href=\"https:\/\/campingmaslina.com\/\/wp-content\/gallery\/galerija-pocetna\/galerija_34.jpg\" title=\"galerija_34\"><img src=\"https:\/\/campingmaslina.com\/wp-content\/plugins\/justified-image-grid\/timthumb.php?src=https%3A%2F%2Fcampingmaslina.com%2Fwp-content%2Fgallery%2Fgalerija-pocetna%2Fgalerija_34.jpg&amp;h=335&amp;q=90&amp;f=.jpg\" alt=\"galerija_34\" width=\"226\" height=\"335\" \/><\/a><p class=\"jig-HTMLdescription\">galerija_34<\/p><\/li><li><a href=\"https:\/\/campingmaslina.com\/\/wp-content\/gallery\/galerija-pocetna\/galerija_35.jpg\" title=\"galerija_35\"><img src=\"https:\/\/campingmaslina.com\/wp-content\/plugins\/justified-image-grid\/timthumb.php?src=https%3A%2F%2Fcampingmaslina.com%2Fwp-content%2Fgallery%2Fgalerija-pocetna%2Fgalerija_35.jpg&amp;h=335&amp;q=90&amp;f=.jpg\" alt=\"galerija_35\" width=\"495\" height=\"335\" \/><\/a><p class=\"jig-HTMLdescription\">galerija_35<\/p><\/li><li><a href=\"https:\/\/campingmaslina.com\/\/wp-content\/gallery\/galerija-pocetna\/galerija_36.jpg\" title=\"galerija_36\"><img src=\"https:\/\/campingmaslina.com\/wp-content\/plugins\/justified-image-grid\/timthumb.php?src=https%3A%2F%2Fcampingmaslina.com%2Fwp-content%2Fgallery%2Fgalerija-pocetna%2Fgalerija_36.jpg&amp;h=335&amp;q=90&amp;f=.jpg\" alt=\"galerija_36\" width=\"495\" height=\"335\" \/><\/a><p class=\"jig-HTMLdescription\">galerija_36<\/p><\/li><li><a href=\"https:\/\/campingmaslina.com\/\/wp-content\/gallery\/galerija-pocetna\/galerija_37.jpg\" title=\"galerija_37\"><img src=\"https:\/\/campingmaslina.com\/wp-content\/plugins\/justified-image-grid\/timthumb.php?src=https%3A%2F%2Fcampingmaslina.com%2Fwp-content%2Fgallery%2Fgalerija-pocetna%2Fgalerija_37.jpg&amp;h=335&amp;q=90&amp;f=.jpg\" alt=\"galerija_37\" width=\"495\" height=\"335\" \/><\/a><p class=\"jig-HTMLdescription\">galerija_37<\/p><\/li><li><a href=\"https:\/\/campingmaslina.com\/\/wp-content\/gallery\/galerija-pocetna\/galerija_38.jpg\" title=\"galerija_38\"><img src=\"https:\/\/campingmaslina.com\/wp-content\/plugins\/justified-image-grid\/timthumb.php?src=https%3A%2F%2Fcampingmaslina.com%2Fwp-content%2Fgallery%2Fgalerija-pocetna%2Fgalerija_38.jpg&amp;h=335&amp;q=90&amp;f=.jpg\" alt=\"galerija_38\" width=\"495\" height=\"335\" \/><\/a><p class=\"jig-HTMLdescription\">galerija_38<\/p><\/li><li><a href=\"https:\/\/campingmaslina.com\/\/wp-content\/gallery\/galerija-pocetna\/galerija_39.jpg\" title=\"galerija_39\"><img src=\"https:\/\/campingmaslina.com\/wp-content\/plugins\/justified-image-grid\/timthumb.php?src=https%3A%2F%2Fcampingmaslina.com%2Fwp-content%2Fgallery%2Fgalerija-pocetna%2Fgalerija_39.jpg&amp;h=335&amp;q=90&amp;f=.jpg\" alt=\"galerija_39\" width=\"495\" height=\"335\" \/><\/a><p class=\"jig-HTMLdescription\">galerija_39<\/p><\/li><\/ul><\/noscript><\/div>[\/vc_column_text][\/vc_column][\/vc_row]<\/p>\n","protected":false},"excerpt":{"rendered":"<p>[vc_row][vc_column width=&#8220;1\/2&#8243;][vc_single_image image=&#8220;2535&#8243; img_size=&#8220;full&#8220;][\/vc_column][vc_column width=&#8220;1\/2&#8243;][vc_column_text] \u00dcber uns Der Campingplatz befindet sich in Buljarica (2 km von Petrovac) und ist auf einem Privatgrundst\u00fcck, auf dem verschiedene Pflanzenarten wie Olivien-, Eschen-, Granatapfelb\u00e4me wachsen,organisiert, die Ihnen einen angenehmen Aufenhalt siechern. Der Campingplatz &hellip; <\/p>\n<p><a href=\"https:\/\/campingmaslina.com\/de\/\" class=\"read_more_link\">Read more<\/a><\/p>\n","protected":false},"author":1002,"featured_media":0,"parent":0,"menu_order":0,"comment_status":"open","ping_status":"open","template":"","meta":{"inline_featured_image":false,"ngg_post_thumbnail":0},"aioseo_notices":[],"_links":{"self":[{"href":"https:\/\/campingmaslina.com\/de\/wp-json\/wp\/v2\/pages\/2736"}],"collection":[{"href":"https:\/\/campingmaslina.com\/de\/wp-json\/wp\/v2\/pages"}],"about":[{"href":"https:\/\/campingmaslina.com\/de\/wp-json\/wp\/v2\/types\/page"}],"author":[{"embeddable":true,"href":"https:\/\/campingmaslina.com\/de\/wp-json\/wp\/v2\/users\/1002"}],"replies":[{"embeddable":true,"href":"https:\/\/campingmaslina.com\/de\/wp-json\/wp\/v2\/comments?post=2736"}],"version-history":[{"count":2,"href":"https:\/\/campingmaslina.com\/de\/wp-json\/wp\/v2\/pages\/2736\/revisions"}],"predecessor-version":[{"id":2737,"href":"https:\/\/campingmaslina.com\/de\/wp-json\/wp\/v2\/pages\/2736\/revisions\/2737"}],"wp:attachment":[{"href":"https:\/\/campingmaslina.com\/de\/wp-json\/wp\/v2\/media?parent=2736"}],"curies":[{"name":"wp","href":"https:\/\/api.w.org\/{rel}","templated":true}]}}