{"id":2716,"date":"2012-07-31T12:52:29","date_gmt":"2012-07-31T12:52:29","guid":{"rendered":"https:\/\/campingmaslina.com\/o-nama\/"},"modified":"2018-03-14T14:45:32","modified_gmt":"2018-03-14T14:45:32","slug":"ueber-uns","status":"publish","type":"page","link":"https:\/\/campingmaslina.com\/de\/ueber-uns\/","title":{"rendered":"\u00dcber uns"},"content":{"rendered":"<p>[vc_row el_id=&#8220;campingmaslina&#8220;][vc_column width=&#8220;1\/2&#8243;][vc_single_image image=&#8220;2342&#8243; img_size=&#8220;full&#8220;][\/vc_column][vc_column width=&#8220;1\/2&#8243;][vc_column_text]<\/p>\n<h3>CAMPING MASLINA<\/h3>\n<p>Der Campingplatz \u201cMASLINA\u201d (Olivien) bietet Ihnen eine gem\u00fctliche Atmosph\u00e4re, die ideal f\u00fcr Camping ist. Der Campingplatz befindet sich in Buljarica (2 km von Petrovac) und ist auf einem Privatgrundst\u00fcck, auf dem verschiedene Pflanzenarten wie Olivien-, Eschen-, Granatapfelb\u00e4me wachsen,organisiert, die Ihnen einen angenehmen Aufenhalt siechern.<\/p>\n<p>Der Campingplatz \u201dMASLINA\u201d hat mittlere Gr\u00f6sse und bietet insgesamt 100-120 Stellpl\u00e4tze. Auch gibt es Parkpl\u00e4tze, Toilette, Dusche, WiFi, Elektrik.<br \/>\nDer Campingplatz beindet sich in einem dichtem Wald, die nur 200 m vom Meer, und 20m von der Hauptsrasse entfernt ist.<br \/>\n&nbsp;[\/vc_column_text][\/vc_column][\/vc_row][vc_row][vc_column][vc_column_text]<div class=\"divider type_3\"><\/div>[\/vc_column_text][\/vc_column][\/vc_row][vc_row el_id=&#8220;onama&#8220;][vc_column width=&#8220;1\/2&#8243;][vc_column_text]Der Campingplatz \u201cMASLINA\u201d wurde 1969 von Familie Zaradic gegr\u00fcndet. Aufgrund seiner Reputation w\u00e4hrend seines Bestehens, wurde der Campingplatz ein Mitglied der zwei gr\u00f6ssten Campingorganisationen ADAC und ACSI.<\/p>\n<p>Mit harter Arbeit verbessern wir unsere Dienstleistungen, die auf \u201cfeed-back\u201d und Vorschl\u00e4ge unserer G\u00e4ste basiert. Der Campingplatz \u201cMASLINA\u201d ist durch das ganze Jahr ge\u00f6ffnet, und bietet einen angenehmen Urlaub f\u00fcr Sie, Ihre Familie und Freunde.[\/vc_column_text][vc_row_inner][vc_column_inner width=&#8220;1\/3&#8243;][vc_single_image image=&#8220;2527&#8243; img_size=&#8220;122&#215;137&#8243;][\/vc_column_inner][vc_column_inner width=&#8220;1\/3&#8243;][vc_single_image image=&#8220;2526&#8243; img_size=&#8220;126&#215;140&#8243;][\/vc_column_inner][vc_column_inner width=&#8220;1\/3&#8243;][\/vc_column_inner][\/vc_row_inner][\/vc_column][vc_column width=&#8220;1\/2&#8243;][vc_single_image image=&#8220;2462&#8243; img_size=&#8220;full&#8220;][\/vc_column][\/vc_row]<\/p>\n","protected":false},"excerpt":{"rendered":"<p>[vc_row el_id=&#8220;campingmaslina&#8220;][vc_column width=&#8220;1\/2&#8243;][vc_single_image image=&#8220;2342&#8243; img_size=&#8220;full&#8220;][\/vc_column][vc_column width=&#8220;1\/2&#8243;][vc_column_text] CAMPING MASLINA Der Campingplatz \u201cMASLINA\u201d (Olivien) bietet Ihnen eine gem\u00fctliche Atmosph\u00e4re, die ideal f\u00fcr Camping ist. Der Campingplatz befindet sich in Buljarica (2 km von Petrovac) und ist auf einem Privatgrundst\u00fcck, auf dem &hellip; <\/p>\n<p><a href=\"https:\/\/campingmaslina.com\/de\/ueber-uns\/\" class=\"read_more_link\">Read more<\/a><\/p>\n","protected":false},"author":1002,"featured_media":0,"parent":0,"menu_order":0,"comment_status":"open","ping_status":"open","template":"","meta":{"inline_featured_image":false,"ngg_post_thumbnail":0},"aioseo_notices":[],"_links":{"self":[{"href":"https:\/\/campingmaslina.com\/de\/wp-json\/wp\/v2\/pages\/2716"}],"collection":[{"href":"https:\/\/campingmaslina.com\/de\/wp-json\/wp\/v2\/pages"}],"about":[{"href":"https:\/\/campingmaslina.com\/de\/wp-json\/wp\/v2\/types\/page"}],"author":[{"embeddable":true,"href":"https:\/\/campingmaslina.com\/de\/wp-json\/wp\/v2\/users\/1002"}],"replies":[{"embeddable":true,"href":"https:\/\/campingmaslina.com\/de\/wp-json\/wp\/v2\/comments?post=2716"}],"version-history":[{"count":2,"href":"https:\/\/campingmaslina.com\/de\/wp-json\/wp\/v2\/pages\/2716\/revisions"}],"predecessor-version":[{"id":2718,"href":"https:\/\/campingmaslina.com\/de\/wp-json\/wp\/v2\/pages\/2716\/revisions\/2718"}],"wp:attachment":[{"href":"https:\/\/campingmaslina.com\/de\/wp-json\/wp\/v2\/media?parent=2716"}],"curies":[{"name":"wp","href":"https:\/\/api.w.org\/{rel}","templated":true}]}}