{"id":2890,"date":"2018-10-22T18:12:58","date_gmt":"2018-10-22T18:12:58","guid":{"rendered":"https:\/\/campingmaslina.com\/?page_id=2890"},"modified":"2024-07-31T14:19:13","modified_gmt":"2024-07-31T14:19:13","slug":"kontakt-2","status":"publish","type":"page","link":"https:\/\/campingmaslina.com\/bs\/kontakt-2\/","title":{"rendered":"Kontakt"},"content":{"rendered":"<p>[vc_row][vc_column][vc_column_text]<iframe loading=\"lazy\" style=\"border: 0;\" src=\"https:\/\/www.google.com\/maps\/embed?pb=!1m18!1m12!1m3!1d8360.25566797331!2d18.95943688351202!3d42.19741338107307!2m3!1f0!2f0!3f0!3m2!1i1024!2i768!4f13.1!3m3!1m2!1s0x134dd7d8e4f82c27%3A0x28d509d84959d555!2sCamping+Maslina!5e0!3m2!1sen!2s!4v1540231450053\" width=\"100%\" height=\"450\" frameborder=\"0\" allowfullscreen=\"allowfullscreen\"><\/iframe>[\/vc_column_text][\/vc_column][\/vc_row][vc_row][vc_column][vc_row_inner][vc_column_inner width=&#8221;1\/2&#8221;][vc_column_text]<\/p>\n<h4>Pi\u0161ite nam<\/h4>\n<p><img src=\"https:\/\/campingmaslina.com\/wp-content\/uploads\/2018\/02\/black-back-closed-envelope-shape.png\" alt=\"\"><a href=\"mailto:email@example.com\"> camping.mne@gmail.com<\/a><br \/>Na sve poruke i mailove odgovaramo u najkra\u0107em mogu\u0107em roku !<\/p>\n<div class=\"divider type_3\"><\/div>\n<h4>Vlasnik<\/h4>\n<p><strong>MIlivoj Zaradic<\/strong>[\/vc_column_text][\/vc_column_inner][vc_column_inner width=&#8221;1\/2&#8221;][vc_column_text]<\/p>\n<h4>Adresa<\/h4>\n<p><strong>Camping Maslina<\/strong><br \/>\n<img src=\"https:\/\/campingmaslina.com\/wp-content\/uploads\/2018\/02\/maps-and-flags.png\" alt=\"\"> Buljarica bb, 85 300, Petrovac, Crna Gora<br \/>\n&nbsp;<br \/>\n<div class=\"divider type_3\"><\/div>\n<h4>Kontakt telefon<\/h4>\n<p><img src=\"https:\/\/campingmaslina.com\/wp-content\/uploads\/2018\/02\/smartphone.png\" alt=\"\"> +382 (0) 68\/602-040[\/vc_column_text][\/vc_column_inner][\/vc_row_inner][\/vc_column][\/vc_row]<\/p>\n","protected":false},"excerpt":{"rendered":"<p>[vc_row][vc_column][vc_column_text][\/vc_column_text][\/vc_column][\/vc_row][vc_row][vc_column][vc_row_inner][vc_column_inner width=&#8221;1\/2&#8221;][vc_column_text] Pi\u0161ite nam camping.mne@gmail.comNa sve poruke i mailove odgovaramo u najkra\u0107em mogu\u0107em roku ! Vlasnik MIlivoj Zaradic[\/vc_column_text][\/vc_column_inner][vc_column_inner width=&#8221;1\/2&#8221;][vc_column_text] Adresa Camping Maslina Buljarica bb, 85 300, Petrovac, Crna Gora &nbsp; Kontakt telefon +382 (0) 68\/602-040[\/vc_column_text][\/vc_column_inner][\/vc_row_inner][\/vc_column][\/vc_row]<\/p>\n","protected":false},"author":1002,"featured_media":0,"parent":0,"menu_order":0,"comment_status":"closed","ping_status":"closed","template":"","meta":{"inline_featured_image":false,"ngg_post_thumbnail":0},"aioseo_notices":[],"_links":{"self":[{"href":"https:\/\/campingmaslina.com\/bs\/wp-json\/wp\/v2\/pages\/2890"}],"collection":[{"href":"https:\/\/campingmaslina.com\/bs\/wp-json\/wp\/v2\/pages"}],"about":[{"href":"https:\/\/campingmaslina.com\/bs\/wp-json\/wp\/v2\/types\/page"}],"author":[{"embeddable":true,"href":"https:\/\/campingmaslina.com\/bs\/wp-json\/wp\/v2\/users\/1002"}],"replies":[{"embeddable":true,"href":"https:\/\/campingmaslina.com\/bs\/wp-json\/wp\/v2\/comments?post=2890"}],"version-history":[{"count":4,"href":"https:\/\/campingmaslina.com\/bs\/wp-json\/wp\/v2\/pages\/2890\/revisions"}],"predecessor-version":[{"id":3029,"href":"https:\/\/campingmaslina.com\/bs\/wp-json\/wp\/v2\/pages\/2890\/revisions\/3029"}],"wp:attachment":[{"href":"https:\/\/campingmaslina.com\/bs\/wp-json\/wp\/v2\/media?parent=2890"}],"curies":[{"name":"wp","href":"https:\/\/api.w.org\/{rel}","templated":true}]}}