{"id":2472,"date":"2018-02-18T18:15:36","date_gmt":"2018-02-18T18:15:36","guid":{"rendered":"https:\/\/campingmaslina.com\/?page_id=2472"},"modified":"2018-02-19T14:39:12","modified_gmt":"2018-02-19T14:39:12","slug":"pocetna","status":"publish","type":"page","link":"https:\/\/campingmaslina.com\/bs\/","title":{"rendered":"Camping Maslina"},"content":{"rendered":"<p>[vc_row][vc_column width=&#8221;1\/2&#8221;][vc_single_image image=&#8221;2535&#8221; img_size=&#8221;full&#8221;][\/vc_column][vc_column width=&#8221;1\/2&#8221;][vc_column_text]<\/p>\n<h3>O nama<\/h3>\n<p>Kamp se nalazi u Buljarici (2km od Petrovca) i organizovan na privatnom urdenom zemljistu na kome se nalaze razne biljne vrste (masline, hrastovi, jasenovi , narovi), koje zajedno obezbeduju prijatnu atmosferu za ugodan boravak. Maslina Camping je kamp srednje velicine sa prostorom od 100-120 kamp jedinica.<\/p>\n<p>Sadr\u017eaj kampa obuhvata: parking, toalete, tu\u0161eve, elektriku, wi-fi prikljucak. Kamp je idealno pozicioniran u gustoj \u0161umi na udaljenosti od 200m od mora i 200 m od glavne magistarle.[\/vc_column_text][vc_btn title=&#8221;PRO\u010cITAJ VI\u0160E&#8221; style=&#8221;custom&#8221; custom_background=&#8221;#659a07&#8221; custom_text=&#8221;#ffffff&#8221; shape=&#8221;square&#8221; link=&#8221;url:https%3A%2F%2Fcampingmaslina.com%2Fo-nama%2F|||&#8221;][\/vc_column][\/vc_row][vc_row][vc_column][vc_column_text]<div class=\"divider type_3\"><\/div>[\/vc_column_text][\/vc_column][\/vc_row][vc_row parallax=&#8221;content-moving&#8221; parallax_image=&#8221;2536&#8221; parallax_speed_bg=&#8221;1.7&#8221; css=&#8221;.vc_custom_1519123070976{padding-top: 40px !important;padding-bottom: 50px !important;}&#8221;][vc_column][vc_column_text]<\/p>\n<h2 style=\"text-align: center;\"><span style=\"color: #ffffff;\">CAMPING MASLINA <\/span><\/h2>\n<p style=\"text-align: center;\"><span style=\"color: #ffffff;\"><span style=\"font-size: 19px;\">Maslina Camping obezbeduje Vam prijatnu atmosferu<br \/>\nza vrhunsko kampovanje.<\/span><\/span><\/p>\n<p>[\/vc_column_text][vc_btn title=&#8221;CJENOVNIK&#8221; style=&#8221;custom&#8221; custom_background=&#8221;#659a07&#8221; custom_text=&#8221;#ffffff&#8221; shape=&#8221;square&#8221; align=&#8221;center&#8221; link=&#8221;url:https%3A%2F%2Fcampingmaslina.com%2Fcjenovnik%2F|||&#8221;][\/vc_column][\/vc_row][vc_row][vc_column][vc_column_text]<div class=\"divider type_3\"><\/div>[\/vc_column_text][\/vc_column][\/vc_row][vc_row][vc_column][vc_column_text]<\/p>\n<h3 style=\"text-align: center;\"><img loading=\"lazy\" class=\"alignnone size-full wp-image-2537 aligncenter\" src=\"https:\/\/campingmaslina.com\/wp-content\/uploads\/2018\/02\/karavan.png\" alt=\"\" width=\"50\" height=\"43\">&nbsp;Galerija<\/h3>\n<p>&nbsp;<br \/>\n<div id=\"jig1\" class=\"justified-image-grid jig-c784ee1b518b05d2976066d896fef712 jig-preset-4\"><div class=\"jig-clearfix\"><\/div><noscript id=\"jig1-html\" class=\"justified-image-grid-html\" data-lazy-src=\"skiplazyload\" data-src=\"skipunveillazyload\"><ul><li><a href=\"https:\/\/campingmaslina.com\/\/wp-content\/gallery\/galerija-pocetna\/galerija_30.jpg\" title=\"galerija_30\"><img src=\"https:\/\/campingmaslina.com\/wp-content\/plugins\/justified-image-grid\/timthumb.php?src=https%3A%2F%2Fcampingmaslina.com%2Fwp-content%2Fgallery%2Fgalerija-pocetna%2Fgalerija_30.jpg&amp;h=335&amp;q=90&amp;f=.jpg\" alt=\"galerija_30\" width=\"495\" height=\"335\" \/><\/a><p class=\"jig-HTMLdescription\">galerija_30<\/p><\/li><li><a href=\"https:\/\/campingmaslina.com\/\/wp-content\/gallery\/galerija-pocetna\/galerija_31.jpg\" title=\"galerija_31\"><img src=\"https:\/\/campingmaslina.com\/wp-content\/plugins\/justified-image-grid\/timthumb.php?src=https%3A%2F%2Fcampingmaslina.com%2Fwp-content%2Fgallery%2Fgalerija-pocetna%2Fgalerija_31.jpg&amp;h=335&amp;q=90&amp;f=.jpg\" alt=\"galerija_31\" width=\"226\" height=\"335\" \/><\/a><p class=\"jig-HTMLdescription\">galerija_31<\/p><\/li><li><a href=\"https:\/\/campingmaslina.com\/\/wp-content\/gallery\/galerija-pocetna\/galerija_33.jpg\" title=\"galerija_33\"><img src=\"https:\/\/campingmaslina.com\/wp-content\/plugins\/justified-image-grid\/timthumb.php?src=https%3A%2F%2Fcampingmaslina.com%2Fwp-content%2Fgallery%2Fgalerija-pocetna%2Fgalerija_33.jpg&amp;h=335&amp;q=90&amp;f=.jpg\" alt=\"galerija_33\" width=\"226\" height=\"335\" \/><\/a><p class=\"jig-HTMLdescription\">galerija_33<\/p><\/li><li><a href=\"https:\/\/campingmaslina.com\/\/wp-content\/gallery\/galerija-pocetna\/galerija_34.jpg\" title=\"galerija_34\"><img src=\"https:\/\/campingmaslina.com\/wp-content\/plugins\/justified-image-grid\/timthumb.php?src=https%3A%2F%2Fcampingmaslina.com%2Fwp-content%2Fgallery%2Fgalerija-pocetna%2Fgalerija_34.jpg&amp;h=335&amp;q=90&amp;f=.jpg\" alt=\"galerija_34\" width=\"226\" height=\"335\" \/><\/a><p class=\"jig-HTMLdescription\">galerija_34<\/p><\/li><li><a href=\"https:\/\/campingmaslina.com\/\/wp-content\/gallery\/galerija-pocetna\/galerija_35.jpg\" title=\"galerija_35\"><img src=\"https:\/\/campingmaslina.com\/wp-content\/plugins\/justified-image-grid\/timthumb.php?src=https%3A%2F%2Fcampingmaslina.com%2Fwp-content%2Fgallery%2Fgalerija-pocetna%2Fgalerija_35.jpg&amp;h=335&amp;q=90&amp;f=.jpg\" alt=\"galerija_35\" width=\"495\" height=\"335\" \/><\/a><p class=\"jig-HTMLdescription\">galerija_35<\/p><\/li><li><a href=\"https:\/\/campingmaslina.com\/\/wp-content\/gallery\/galerija-pocetna\/galerija_36.jpg\" title=\"galerija_36\"><img src=\"https:\/\/campingmaslina.com\/wp-content\/plugins\/justified-image-grid\/timthumb.php?src=https%3A%2F%2Fcampingmaslina.com%2Fwp-content%2Fgallery%2Fgalerija-pocetna%2Fgalerija_36.jpg&amp;h=335&amp;q=90&amp;f=.jpg\" alt=\"galerija_36\" width=\"495\" height=\"335\" \/><\/a><p class=\"jig-HTMLdescription\">galerija_36<\/p><\/li><li><a href=\"https:\/\/campingmaslina.com\/\/wp-content\/gallery\/galerija-pocetna\/galerija_37.jpg\" title=\"galerija_37\"><img src=\"https:\/\/campingmaslina.com\/wp-content\/plugins\/justified-image-grid\/timthumb.php?src=https%3A%2F%2Fcampingmaslina.com%2Fwp-content%2Fgallery%2Fgalerija-pocetna%2Fgalerija_37.jpg&amp;h=335&amp;q=90&amp;f=.jpg\" alt=\"galerija_37\" width=\"495\" height=\"335\" \/><\/a><p class=\"jig-HTMLdescription\">galerija_37<\/p><\/li><li><a href=\"https:\/\/campingmaslina.com\/\/wp-content\/gallery\/galerija-pocetna\/galerija_38.jpg\" title=\"galerija_38\"><img src=\"https:\/\/campingmaslina.com\/wp-content\/plugins\/justified-image-grid\/timthumb.php?src=https%3A%2F%2Fcampingmaslina.com%2Fwp-content%2Fgallery%2Fgalerija-pocetna%2Fgalerija_38.jpg&amp;h=335&amp;q=90&amp;f=.jpg\" alt=\"galerija_38\" width=\"495\" height=\"335\" \/><\/a><p class=\"jig-HTMLdescription\">galerija_38<\/p><\/li><li><a href=\"https:\/\/campingmaslina.com\/\/wp-content\/gallery\/galerija-pocetna\/galerija_39.jpg\" title=\"galerija_39\"><img src=\"https:\/\/campingmaslina.com\/wp-content\/plugins\/justified-image-grid\/timthumb.php?src=https%3A%2F%2Fcampingmaslina.com%2Fwp-content%2Fgallery%2Fgalerija-pocetna%2Fgalerija_39.jpg&amp;h=335&amp;q=90&amp;f=.jpg\" alt=\"galerija_39\" width=\"495\" height=\"335\" \/><\/a><p class=\"jig-HTMLdescription\">galerija_39<\/p><\/li><\/ul><\/noscript><\/div>[\/vc_column_text][\/vc_column][\/vc_row]<\/p>\n","protected":false},"excerpt":{"rendered":"<p>[vc_row][vc_column width=&#8221;1\/2&#8221;][vc_single_image image=&#8221;2535&#8221; img_size=&#8221;full&#8221;][\/vc_column][vc_column width=&#8221;1\/2&#8221;][vc_column_text] O nama Kamp se nalazi u Buljarici (2km od Petrovca) i organizovan na privatnom urdenom zemljistu na kome se nalaze razne biljne vrste (masline, hrastovi, jasenovi , narovi), koje zajedno obezbeduju prijatnu atmosferu za &hellip; <\/p>\n<p><a href=\"https:\/\/campingmaslina.com\/bs\/\" class=\"read_more_link\">Read more<\/a><\/p>\n","protected":false},"author":1002,"featured_media":0,"parent":0,"menu_order":0,"comment_status":"open","ping_status":"open","template":"","meta":{"inline_featured_image":false,"ngg_post_thumbnail":0},"aioseo_notices":[],"_links":{"self":[{"href":"https:\/\/campingmaslina.com\/bs\/wp-json\/wp\/v2\/pages\/2472"}],"collection":[{"href":"https:\/\/campingmaslina.com\/bs\/wp-json\/wp\/v2\/pages"}],"about":[{"href":"https:\/\/campingmaslina.com\/bs\/wp-json\/wp\/v2\/types\/page"}],"author":[{"embeddable":true,"href":"https:\/\/campingmaslina.com\/bs\/wp-json\/wp\/v2\/users\/1002"}],"replies":[{"embeddable":true,"href":"https:\/\/campingmaslina.com\/bs\/wp-json\/wp\/v2\/comments?post=2472"}],"version-history":[{"count":25,"href":"https:\/\/campingmaslina.com\/bs\/wp-json\/wp\/v2\/pages\/2472\/revisions"}],"predecessor-version":[{"id":2590,"href":"https:\/\/campingmaslina.com\/bs\/wp-json\/wp\/v2\/pages\/2472\/revisions\/2590"}],"wp:attachment":[{"href":"https:\/\/campingmaslina.com\/bs\/wp-json\/wp\/v2\/media?parent=2472"}],"curies":[{"name":"wp","href":"https:\/\/api.w.org\/{rel}","templated":true}]}}